{"id":195,"date":"2015-11-20T11:04:19","date_gmt":"2015-11-20T10:04:19","guid":{"rendered":"http:\/\/novano.creaturmedia.no\/en\/organisering\/"},"modified":"2025-09-01T11:58:05","modified_gmt":"2025-09-01T09:58:05","slug":"organisering","status":"publish","type":"page","link":"https:\/\/www.novacorporate.no\/en\/organisering\/","title":{"rendered":"Trenger du \u00e5 organisere bedriften din bedre?"},"content":{"rendered":"<h2>Prosjektutvikling<\/h2>\n<p class=\"p1\"><span class=\"s1\">Bedrifter i vekstfasen vil stadig st\u00e5 overfor nye utfordringer, nye problemstillinger og nye oppgaver.<\/span><\/p>\n<p class=\"p1\"><span class=\"s1\">Nyansettelser, rapporteringsrutiner, \u00f8konomistyring og strategiplaner m\u00e5 v\u00e6re p\u00e5 plass den dagen man skal hente inn ny investorkapital eller eventuelt selge bedriften.<\/span><\/p>\n<p class=\"p1\"><span class=\"s1\">Vi kan bidra med \u00e5 f\u00e5 ting p\u00e5 plass og s\u00f8rge for at bedriften fremst\u00e5r s\u00e5 attraktiv som mulig for eksterne investorer.<\/span><\/p>\n<p class=\"p1\"><span class=\"s1\">Vi ordner med \u00e5 f\u00e5 p\u00e5 plass styringsverkt\u00f8y og rapporteringsrutiner b\u00e5de for styre og ledelse.<\/span><\/p>\n","protected":false},"excerpt":{"rendered":"<p>Prosjektutvikling Bedrifter i vekstfasen vil stadig st\u00e5 overfor nye utfordringer, nye problemstillinger og nye oppgaver. Nyansettelser, rapporteringsrutiner, \u00f8konomistyring og strategiplaner m\u00e5 v\u00e6re p\u00e5 plass den dagen man skal hente inn ny investorkapital eller eventuelt selge bedriften. Vi kan bidra med \u00e5 f\u00e5 ting p\u00e5 plass og s\u00f8rge for at bedriften fremst\u00e5r s\u00e5 attraktiv som mulig &hellip; <a href=\"https:\/\/www.novacorporate.no\/en\/organisering\/\">Continued<\/a><\/p>\n","protected":false},"author":1,"featured_media":0,"parent":0,"menu_order":17,"comment_status":"closed","ping_status":"closed","template":"","meta":{"_acf_changed":false,"footnotes":""},"class_list":["post-195","page","type-page","status-publish","hentry"],"acf":[],"yoast_head":"<!-- This site is optimized with the Yoast SEO plugin v27.3 - https:\/\/yoast.com\/product\/yoast-seo-wordpress\/ -->\n<title>Trenger du \u00e5 organisere bedriften din bedre? - Nova Corporate Trondheim<\/title>\n<meta name=\"robots\" content=\"index, follow, max-snippet:-1, max-image-preview:large, max-video-preview:-1\" \/>\n<link rel=\"canonical\" href=\"https:\/\/www.novacorporate.no\/en\/organisering\/\" \/>\n<meta property=\"og:locale\" content=\"en_US\" \/>\n<meta property=\"og:type\" content=\"article\" \/>\n<meta property=\"og:title\" content=\"Trenger du \u00e5 organisere bedriften din bedre? - Nova Corporate Trondheim\" \/>\n<meta property=\"og:description\" content=\"Prosjektutvikling Bedrifter i vekstfasen vil stadig st\u00e5 overfor nye utfordringer, nye problemstillinger og nye oppgaver. Nyansettelser, rapporteringsrutiner, \u00f8konomistyring og strategiplaner m\u00e5 v\u00e6re p\u00e5 plass den dagen man skal hente inn ny investorkapital eller eventuelt selge bedriften. Vi kan bidra med \u00e5 f\u00e5 ting p\u00e5 plass og s\u00f8rge for at bedriften fremst\u00e5r s\u00e5 attraktiv som mulig &hellip; Continued\" \/>\n<meta property=\"og:url\" content=\"https:\/\/www.novacorporate.no\/en\/organisering\/\" \/>\n<meta property=\"og:site_name\" content=\"Nova Corporate Trondheim\" \/>\n<meta property=\"article:modified_time\" content=\"2025-09-01T09:58:05+00:00\" \/>\n<meta name=\"twitter:card\" content=\"summary_large_image\" \/>\n<script type=\"application\/ld+json\" class=\"yoast-schema-graph\">{\"@context\":\"https:\\\/\\\/schema.org\",\"@graph\":[{\"@type\":\"WebPage\",\"@id\":\"https:\\\/\\\/www.novacorporate.no\\\/en\\\/organisering\\\/\",\"url\":\"https:\\\/\\\/www.novacorporate.no\\\/en\\\/organisering\\\/\",\"name\":\"Trenger du \u00e5 organisere bedriften din bedre? - Nova Corporate Trondheim\",\"isPartOf\":{\"@id\":\"https:\\\/\\\/www.novacorporate.no\\\/#website\"},\"datePublished\":\"2015-11-20T10:04:19+00:00\",\"dateModified\":\"2025-09-01T09:58:05+00:00\",\"breadcrumb\":{\"@id\":\"https:\\\/\\\/www.novacorporate.no\\\/en\\\/organisering\\\/#breadcrumb\"},\"inLanguage\":\"en-US\",\"potentialAction\":[{\"@type\":\"ReadAction\",\"target\":[\"https:\\\/\\\/www.novacorporate.no\\\/en\\\/organisering\\\/\"]}]},{\"@type\":\"BreadcrumbList\",\"@id\":\"https:\\\/\\\/www.novacorporate.no\\\/en\\\/organisering\\\/#breadcrumb\",\"itemListElement\":[{\"@type\":\"ListItem\",\"position\":1,\"name\":\"Hjem\",\"item\":\"https:\\\/\\\/www.novacorporate.no\\\/en\\\/\"},{\"@type\":\"ListItem\",\"position\":2,\"name\":\"Trenger du \u00e5 organisere bedriften din bedre?\"}]},{\"@type\":\"WebSite\",\"@id\":\"https:\\\/\\\/www.novacorporate.no\\\/#website\",\"url\":\"https:\\\/\\\/www.novacorporate.no\\\/\",\"name\":\"Nova Corporate Trondheim\",\"description\":\"Nova the Business Consultants\",\"potentialAction\":[{\"@type\":\"SearchAction\",\"target\":{\"@type\":\"EntryPoint\",\"urlTemplate\":\"https:\\\/\\\/www.novacorporate.no\\\/?s={search_term_string}\"},\"query-input\":{\"@type\":\"PropertyValueSpecification\",\"valueRequired\":true,\"valueName\":\"search_term_string\"}}],\"inLanguage\":\"en-US\"}]}<\/script>\n<!-- \/ Yoast SEO plugin. -->","yoast_head_json":{"title":"Trenger du \u00e5 organisere bedriften din bedre? - Nova Corporate Trondheim","robots":{"index":"index","follow":"follow","max-snippet":"max-snippet:-1","max-image-preview":"max-image-preview:large","max-video-preview":"max-video-preview:-1"},"canonical":"https:\/\/www.novacorporate.no\/en\/organisering\/","og_locale":"en_US","og_type":"article","og_title":"Trenger du \u00e5 organisere bedriften din bedre? - Nova Corporate Trondheim","og_description":"Prosjektutvikling Bedrifter i vekstfasen vil stadig st\u00e5 overfor nye utfordringer, nye problemstillinger og nye oppgaver. Nyansettelser, rapporteringsrutiner, \u00f8konomistyring og strategiplaner m\u00e5 v\u00e6re p\u00e5 plass den dagen man skal hente inn ny investorkapital eller eventuelt selge bedriften. Vi kan bidra med \u00e5 f\u00e5 ting p\u00e5 plass og s\u00f8rge for at bedriften fremst\u00e5r s\u00e5 attraktiv som mulig &hellip; Continued","og_url":"https:\/\/www.novacorporate.no\/en\/organisering\/","og_site_name":"Nova Corporate Trondheim","article_modified_time":"2025-09-01T09:58:05+00:00","twitter_card":"summary_large_image","schema":{"@context":"https:\/\/schema.org","@graph":[{"@type":"WebPage","@id":"https:\/\/www.novacorporate.no\/en\/organisering\/","url":"https:\/\/www.novacorporate.no\/en\/organisering\/","name":"Trenger du \u00e5 organisere bedriften din bedre? - Nova Corporate Trondheim","isPartOf":{"@id":"https:\/\/www.novacorporate.no\/#website"},"datePublished":"2015-11-20T10:04:19+00:00","dateModified":"2025-09-01T09:58:05+00:00","breadcrumb":{"@id":"https:\/\/www.novacorporate.no\/en\/organisering\/#breadcrumb"},"inLanguage":"en-US","potentialAction":[{"@type":"ReadAction","target":["https:\/\/www.novacorporate.no\/en\/organisering\/"]}]},{"@type":"BreadcrumbList","@id":"https:\/\/www.novacorporate.no\/en\/organisering\/#breadcrumb","itemListElement":[{"@type":"ListItem","position":1,"name":"Hjem","item":"https:\/\/www.novacorporate.no\/en\/"},{"@type":"ListItem","position":2,"name":"Trenger du \u00e5 organisere bedriften din bedre?"}]},{"@type":"WebSite","@id":"https:\/\/www.novacorporate.no\/#website","url":"https:\/\/www.novacorporate.no\/","name":"Nova Corporate Trondheim","description":"Nova the Business Consultants","potentialAction":[{"@type":"SearchAction","target":{"@type":"EntryPoint","urlTemplate":"https:\/\/www.novacorporate.no\/?s={search_term_string}"},"query-input":{"@type":"PropertyValueSpecification","valueRequired":true,"valueName":"search_term_string"}}],"inLanguage":"en-US"}]}},"_links":{"self":[{"href":"https:\/\/www.novacorporate.no\/en\/wp-json\/wp\/v2\/pages\/195","targetHints":{"allow":["GET"]}}],"collection":[{"href":"https:\/\/www.novacorporate.no\/en\/wp-json\/wp\/v2\/pages"}],"about":[{"href":"https:\/\/www.novacorporate.no\/en\/wp-json\/wp\/v2\/types\/page"}],"author":[{"embeddable":true,"href":"https:\/\/www.novacorporate.no\/en\/wp-json\/wp\/v2\/users\/1"}],"replies":[{"embeddable":true,"href":"https:\/\/www.novacorporate.no\/en\/wp-json\/wp\/v2\/comments?post=195"}],"version-history":[{"count":2,"href":"https:\/\/www.novacorporate.no\/en\/wp-json\/wp\/v2\/pages\/195\/revisions"}],"predecessor-version":[{"id":588,"href":"https:\/\/www.novacorporate.no\/en\/wp-json\/wp\/v2\/pages\/195\/revisions\/588"}],"wp:attachment":[{"href":"https:\/\/www.novacorporate.no\/en\/wp-json\/wp\/v2\/media?parent=195"}],"curies":[{"name":"wp","href":"https:\/\/api.w.org\/{rel}","templated":true}]}}