{"id":178,"date":"2015-11-20T11:03:57","date_gmt":"2015-11-20T10:03:57","guid":{"rendered":"http:\/\/novano.creaturmedia.no\/en\/salg\/"},"modified":"2025-09-01T11:58:47","modified_gmt":"2025-09-01T09:58:47","slug":"salg","status":"publish","type":"page","link":"https:\/\/www.novacorporate.no\/en\/salg\/","title":{"rendered":"Vurderer du \u00e5 selge bedriften din?"},"content":{"rendered":"<h2>8 trinn som sikrer optimalt resultat:<\/h2>\n<p class=\"p3\"><strong><span class=\"s1\">1. Forberedelse:<\/span><\/strong><\/p>\n<ul>\n<li class=\"p3\"><span class=\"s1\">Er bedriften din klar for \u00e5 selges, har du orden i papirene, har du budsjetter som er troverdige<\/span><\/li>\n<li class=\"p3\"><span class=\"s1\">Hva er det kj\u00f8per \u00f8nsker \u00e5 vite<\/span><\/li>\n<\/ul>\n<p>&nbsp;<\/p>\n<p><strong>2. \u00abMarkedsunders\u00f8kelse\u00bb<\/strong><\/p>\n<ul>\n<li class=\"p3\"><span class=\"s1\">Hvem kan v\u00e6re aktuelle kj\u00f8pere<\/span><\/li>\n<li class=\"p3\"><span class=\"s1\">Hvem tar beslutninger hos kj\u00f8per<\/span><\/li>\n<li class=\"p3\"><span class=\"s1\">Hvem p\u00e5virker beslutningsprosessen<\/span><\/li>\n<\/ul>\n<p>&nbsp;<\/p>\n<p class=\"p3\"><strong><span class=\"s1\">3. Kontakt\u00a0<\/span><\/strong><\/p>\n<ul>\n<li class=\"p3\">Hva er budskapet ditt til aktuelle kj\u00f8pere<\/li>\n<li class=\"p3\"><span class=\"s1\">Hvem er det du skal kontakte hos kj\u00f8per<\/span><\/li>\n<li class=\"p3\"><span class=\"s1\">Hva slags prosess \u00f8nsker kj\u00f8per \u00e5 f\u00f8lge<\/span><\/li>\n<li class=\"p3\"><span class=\"s1\">Er det noen \u00abd\u00f8rvakter\u00bb du m\u00e5 komme deg forbi<\/span><\/li>\n<\/ul>\n<p>&nbsp;<\/p>\n<p><strong><span class=\"s1\">4. Unders\u00f8kelser<\/span><\/strong><\/p>\n<ul>\n<li class=\"p3\"><span class=\"s1\">Hvor seri\u00f8s er kj\u00f8per<\/span><\/li>\n<li class=\"p3\"><span class=\"s1\">Er de i stand til \u00e5 gjennomf\u00f8re kj\u00f8pet<\/span><\/li>\n<li class=\"p3\"><span class=\"s1\">Er dette kj\u00f8peren du \u00f8nsker deg<\/span><\/li>\n<li class=\"p3\"><span class=\"s1\">Er de interessert i din bedrift<\/span><\/li>\n<li class=\"p3\"><span class=\"s1\">Hvilke synergieffekter finnes<\/span><\/li>\n<\/ul>\n<p>&nbsp;<\/p>\n<p><strong>5. Forhandlinger<\/strong><\/p>\n<ul>\n<li>Hva er verdien p\u00e5 selskapet ditt<\/li>\n<li>Hvem skriver intensjonsavtale<\/li>\n<li>Hvordan kontrollere due diligence prosessen<\/li>\n<li>Dette er den mest kritiske fasten hvor selve avtalen tar form<\/li>\n<\/ul>\n<p>&nbsp;<\/p>\n<p><strong>6. Due diligence<\/strong><\/p>\n<ul>\n<li>Hvordan etablere datarom<\/li>\n<li>Hvor langt kan kj\u00f8per g\u00e5 i sine unders\u00f8kelser<\/li>\n<li>Hvem skal du bruke til \u00e5 utforme endelig avtale<\/li>\n<\/ul>\n<p>&nbsp;<\/p>\n<p><strong>7. Endelig avtale<\/strong><\/p>\n<ul>\n<li>\u00a0Hvordan skal betaling gjennomf\u00f8res, hva og p\u00e5 hvilket grunnlag<\/li>\n<li>Kan kj\u00f8per holde tilbake deler av betalingen<\/li>\n<li>Skattesp\u00f8rsm\u00e5l<\/li>\n<\/ul>\n<p>&nbsp;<\/p>\n<p><strong>8. Integrering<\/strong><\/p>\n<ul>\n<li>Hvordan sikre en mest mulig smerteintegrering<\/li>\n<li>Hvordan h\u00e5ndtere ansatte<\/li>\n<li>Hvordan utnytte synergieffektene best mulig<\/li>\n<\/ul>\n","protected":false},"excerpt":{"rendered":"<p>8 trinn som sikrer optimalt resultat: 1. Forberedelse: Er bedriften din klar for \u00e5 selges, har du orden i papirene, har du budsjetter som er troverdige Hva er det kj\u00f8per \u00f8nsker \u00e5 vite &nbsp; 2. \u00abMarkedsunders\u00f8kelse\u00bb Hvem kan v\u00e6re aktuelle kj\u00f8pere Hvem tar beslutninger hos kj\u00f8per Hvem p\u00e5virker beslutningsprosessen &nbsp; 3. Kontakt\u00a0 Hva er budskapet &hellip; <a href=\"https:\/\/www.novacorporate.no\/en\/salg\/\">Continued<\/a><\/p>\n","protected":false},"author":1,"featured_media":0,"parent":0,"menu_order":20,"comment_status":"closed","ping_status":"closed","template":"","meta":{"_acf_changed":false,"footnotes":""},"class_list":["post-178","page","type-page","status-publish","hentry"],"acf":[],"yoast_head":"<!-- This site is optimized with the Yoast SEO plugin v27.3 - https:\/\/yoast.com\/product\/yoast-seo-wordpress\/ -->\n<title>Vurderer du \u00e5 selge bedriften din? - Nova Corporate Trondheim<\/title>\n<meta name=\"robots\" content=\"index, follow, max-snippet:-1, max-image-preview:large, max-video-preview:-1\" \/>\n<link rel=\"canonical\" href=\"https:\/\/www.novacorporate.no\/en\/salg\/\" \/>\n<meta property=\"og:locale\" content=\"en_US\" \/>\n<meta property=\"og:type\" content=\"article\" \/>\n<meta property=\"og:title\" content=\"Vurderer du \u00e5 selge bedriften din? - Nova Corporate Trondheim\" \/>\n<meta property=\"og:description\" content=\"8 trinn som sikrer optimalt resultat: 1. Forberedelse: Er bedriften din klar for \u00e5 selges, har du orden i papirene, har du budsjetter som er troverdige Hva er det kj\u00f8per \u00f8nsker \u00e5 vite &nbsp; 2. \u00abMarkedsunders\u00f8kelse\u00bb Hvem kan v\u00e6re aktuelle kj\u00f8pere Hvem tar beslutninger hos kj\u00f8per Hvem p\u00e5virker beslutningsprosessen &nbsp; 3. Kontakt\u00a0 Hva er budskapet &hellip; Continued\" \/>\n<meta property=\"og:url\" content=\"https:\/\/www.novacorporate.no\/en\/salg\/\" \/>\n<meta property=\"og:site_name\" content=\"Nova Corporate Trondheim\" \/>\n<meta property=\"article:modified_time\" content=\"2025-09-01T09:58:47+00:00\" \/>\n<meta name=\"twitter:card\" content=\"summary_large_image\" \/>\n<meta name=\"twitter:label1\" content=\"Est. reading time\" \/>\n\t<meta name=\"twitter:data1\" content=\"1 minute\" \/>\n<script type=\"application\/ld+json\" class=\"yoast-schema-graph\">{\"@context\":\"https:\\\/\\\/schema.org\",\"@graph\":[{\"@type\":\"WebPage\",\"@id\":\"https:\\\/\\\/www.novacorporate.no\\\/en\\\/salg\\\/\",\"url\":\"https:\\\/\\\/www.novacorporate.no\\\/en\\\/salg\\\/\",\"name\":\"Vurderer du \u00e5 selge bedriften din? - Nova Corporate Trondheim\",\"isPartOf\":{\"@id\":\"https:\\\/\\\/www.novacorporate.no\\\/#website\"},\"datePublished\":\"2015-11-20T10:03:57+00:00\",\"dateModified\":\"2025-09-01T09:58:47+00:00\",\"breadcrumb\":{\"@id\":\"https:\\\/\\\/www.novacorporate.no\\\/en\\\/salg\\\/#breadcrumb\"},\"inLanguage\":\"en-US\",\"potentialAction\":[{\"@type\":\"ReadAction\",\"target\":[\"https:\\\/\\\/www.novacorporate.no\\\/en\\\/salg\\\/\"]}]},{\"@type\":\"BreadcrumbList\",\"@id\":\"https:\\\/\\\/www.novacorporate.no\\\/en\\\/salg\\\/#breadcrumb\",\"itemListElement\":[{\"@type\":\"ListItem\",\"position\":1,\"name\":\"Hjem\",\"item\":\"https:\\\/\\\/www.novacorporate.no\\\/en\\\/\"},{\"@type\":\"ListItem\",\"position\":2,\"name\":\"Vurderer du \u00e5 selge bedriften din?\"}]},{\"@type\":\"WebSite\",\"@id\":\"https:\\\/\\\/www.novacorporate.no\\\/#website\",\"url\":\"https:\\\/\\\/www.novacorporate.no\\\/\",\"name\":\"Nova Corporate Trondheim\",\"description\":\"Nova the Business Consultants\",\"potentialAction\":[{\"@type\":\"SearchAction\",\"target\":{\"@type\":\"EntryPoint\",\"urlTemplate\":\"https:\\\/\\\/www.novacorporate.no\\\/?s={search_term_string}\"},\"query-input\":{\"@type\":\"PropertyValueSpecification\",\"valueRequired\":true,\"valueName\":\"search_term_string\"}}],\"inLanguage\":\"en-US\"}]}<\/script>\n<!-- \/ Yoast SEO plugin. -->","yoast_head_json":{"title":"Vurderer du \u00e5 selge bedriften din? - Nova Corporate Trondheim","robots":{"index":"index","follow":"follow","max-snippet":"max-snippet:-1","max-image-preview":"max-image-preview:large","max-video-preview":"max-video-preview:-1"},"canonical":"https:\/\/www.novacorporate.no\/en\/salg\/","og_locale":"en_US","og_type":"article","og_title":"Vurderer du \u00e5 selge bedriften din? - Nova Corporate Trondheim","og_description":"8 trinn som sikrer optimalt resultat: 1. Forberedelse: Er bedriften din klar for \u00e5 selges, har du orden i papirene, har du budsjetter som er troverdige Hva er det kj\u00f8per \u00f8nsker \u00e5 vite &nbsp; 2. \u00abMarkedsunders\u00f8kelse\u00bb Hvem kan v\u00e6re aktuelle kj\u00f8pere Hvem tar beslutninger hos kj\u00f8per Hvem p\u00e5virker beslutningsprosessen &nbsp; 3. Kontakt\u00a0 Hva er budskapet &hellip; Continued","og_url":"https:\/\/www.novacorporate.no\/en\/salg\/","og_site_name":"Nova Corporate Trondheim","article_modified_time":"2025-09-01T09:58:47+00:00","twitter_card":"summary_large_image","twitter_misc":{"Est. reading time":"1 minute"},"schema":{"@context":"https:\/\/schema.org","@graph":[{"@type":"WebPage","@id":"https:\/\/www.novacorporate.no\/en\/salg\/","url":"https:\/\/www.novacorporate.no\/en\/salg\/","name":"Vurderer du \u00e5 selge bedriften din? - Nova Corporate Trondheim","isPartOf":{"@id":"https:\/\/www.novacorporate.no\/#website"},"datePublished":"2015-11-20T10:03:57+00:00","dateModified":"2025-09-01T09:58:47+00:00","breadcrumb":{"@id":"https:\/\/www.novacorporate.no\/en\/salg\/#breadcrumb"},"inLanguage":"en-US","potentialAction":[{"@type":"ReadAction","target":["https:\/\/www.novacorporate.no\/en\/salg\/"]}]},{"@type":"BreadcrumbList","@id":"https:\/\/www.novacorporate.no\/en\/salg\/#breadcrumb","itemListElement":[{"@type":"ListItem","position":1,"name":"Hjem","item":"https:\/\/www.novacorporate.no\/en\/"},{"@type":"ListItem","position":2,"name":"Vurderer du \u00e5 selge bedriften din?"}]},{"@type":"WebSite","@id":"https:\/\/www.novacorporate.no\/#website","url":"https:\/\/www.novacorporate.no\/","name":"Nova Corporate Trondheim","description":"Nova the Business Consultants","potentialAction":[{"@type":"SearchAction","target":{"@type":"EntryPoint","urlTemplate":"https:\/\/www.novacorporate.no\/?s={search_term_string}"},"query-input":{"@type":"PropertyValueSpecification","valueRequired":true,"valueName":"search_term_string"}}],"inLanguage":"en-US"}]}},"_links":{"self":[{"href":"https:\/\/www.novacorporate.no\/en\/wp-json\/wp\/v2\/pages\/178","targetHints":{"allow":["GET"]}}],"collection":[{"href":"https:\/\/www.novacorporate.no\/en\/wp-json\/wp\/v2\/pages"}],"about":[{"href":"https:\/\/www.novacorporate.no\/en\/wp-json\/wp\/v2\/types\/page"}],"author":[{"embeddable":true,"href":"https:\/\/www.novacorporate.no\/en\/wp-json\/wp\/v2\/users\/1"}],"replies":[{"embeddable":true,"href":"https:\/\/www.novacorporate.no\/en\/wp-json\/wp\/v2\/comments?post=178"}],"version-history":[{"count":11,"href":"https:\/\/www.novacorporate.no\/en\/wp-json\/wp\/v2\/pages\/178\/revisions"}],"predecessor-version":[{"id":410,"href":"https:\/\/www.novacorporate.no\/en\/wp-json\/wp\/v2\/pages\/178\/revisions\/410"}],"wp:attachment":[{"href":"https:\/\/www.novacorporate.no\/en\/wp-json\/wp\/v2\/media?parent=178"}],"curies":[{"name":"wp","href":"https:\/\/api.w.org\/{rel}","templated":true}]}}